{"id":4762,"date":"2017-05-20T10:00:21","date_gmt":"2017-05-20T10:00:21","guid":{"rendered":"http:\/\/www.einkubainba.de\/?page_id=2"},"modified":"2017-05-20T10:00:21","modified_gmt":"2017-05-20T10:00:21","slug":"sample-page-2","status":"publish","type":"page","link":"https:\/\/blog.denis-dominguez.de\/?page_id=4762","title":{"rendered":"Warum?"},"content":{"rendered":"<p>\t\t\t\t<img loading=\"lazy\" src=\"http:\/\/www.einkubainba.de\/wp-content\/uploads\/2018\/05\/warum-das-ganze.png\" alt=\"Ein Kubaner in Bayern - Warum das Ganze?\" class=\"wp-image-303 alignleft\" width=\"302\" height=\"302\" srcset=\"https:\/\/blog.denis-dominguez.de\/wp-content\/uploads\/2018\/05\/warum-das-ganze.png 800w, https:\/\/blog.denis-dominguez.de\/wp-content\/uploads\/2018\/05\/warum-das-ganze-150x150.png 150w, https:\/\/blog.denis-dominguez.de\/wp-content\/uploads\/2018\/05\/warum-das-ganze-300x300.png 300w, https:\/\/blog.denis-dominguez.de\/wp-content\/uploads\/2018\/05\/warum-das-ganze-768x768.png 768w\" sizes=\"(max-width: 302px) 100vw, 302px\" \/><\/p>\n<p>Bestimmt fragst du dich: Warum das Ganze? Wieso schon wieder ein neuer Blog auf den kein Mensch gewartet hat? Diese Dinge wachsen wie Pilze aus dem Boden.<\/p>\n<p>Und ich sage dir: Es ist <strong>GUT <\/strong>so!<\/p>\n<p>M\u00e4rz, 2017 \u2013 Irgendwo. Der ganze Globus ist immer verr\u00fcckt gewesen. Aber zurzeit passiert noch mehr auf der ganzen Welt: auf Kuba, in Europa, in Bayern und sogar bei mir Zuhause. In den Nachrichten wird st\u00e4ndig nur \u00fcber negative Sachen berichtet. Ich kann es einfach nicht mehr h\u00f6ren: Bomben, Trump, Armut, Erdo\u011fan, Terrorristen, Hunger und Tote in Venezuela. So viel Leid und Elend auf dieser Erdkugel.<br \/>\nUnd deswegen habe ich mir gedacht: Wieso nicht\u2026 es ist keine bl\u00f6de Idee einen Blog zu starten, um \u00fcber positive Themen zu schreiben: \u00dcber <a href=\"http:\/\/d-e-n-i-s.com\/wordpress\/einkubainba\/2017\/04\/14\/unter-dem-mantel-einer-luege\/\" target=\"_blank\" rel=\"noopener noreferrer\">Vertrauen<\/a>, <a href=\"http:\/\/d-e-n-i-s.com\/wordpress\/einkubainba\/2017\/04\/07\/unter-wahren-helden\/\" target=\"_blank\" rel=\"noopener noreferrer\">Mut<\/a>, <a href=\"http:\/\/d-e-n-i-s.com\/wordpress\/einkubainba\/2017\/04\/07\/die-macht-der-dankbarkeit\/\" target=\"_blank\" rel=\"noopener noreferrer\">Dankbarkeit <\/a>oder <a href=\"http:\/\/d-e-n-i-s.com\/wordpress\/einkubainba\/2017\/04\/08\/ich-kenne-eine-superwoman\/\" target=\"_blank\" rel=\"noopener noreferrer\">wie toll viele Menschen sind<\/a>. Ja, ein Blog um Inspiration zu tanken.<\/p>\n<p><strong>EinKubaInBa <\/strong>(Ein Kubaner in Bayern) m\u00f6chte mehr Menschen durch tiefsinnige Geschichte zum Nachdenken bewegen.<\/p>\n<p>Meine Hauptziel ist nat\u00fcrlich, m\u00f6glichst viele Leser zu erreichen und freue mich deshalb \u00fcber jedes Like, jedes Teilen oder Weiterempfehlung. Anregungen, Kritik oder Fragen kannst du an <a href=\"mailto:einkubainba@d-e-n-i-s.com\" target=\"_blank\" rel=\"noopener noreferrer\">einkubainba@d-e-n-i-s.com<\/a> schicken.<\/p>\n<p>Willst du keinen Beitrag mehr verpassen, dann \u2026<\/p>\n<p>[jetpack_subscription_form]\t\t<\/p>\n","protected":false},"excerpt":{"rendered":"<p>Bestimmt fragst du dich: Warum das Ganze? Wieso schon wieder ein neuer Blog auf den kein Mensch gewartet hat? Diese Dinge wachsen wie Pilze aus dem Boden. Und ich sage dir: Es ist GUT so! M\u00e4rz, 2017 \u2013 Irgendwo. Der ganze Globus ist immer verr\u00fcckt gewesen. Aber zurzeit passiert noch [&hellip;]<\/p>\n","protected":false},"author":2,"featured_media":0,"parent":0,"menu_order":0,"comment_status":"closed","ping_status":"closed","template":"","meta":[],"_links":{"self":[{"href":"https:\/\/blog.denis-dominguez.de\/index.php?rest_route=\/wp\/v2\/pages\/4762"}],"collection":[{"href":"https:\/\/blog.denis-dominguez.de\/index.php?rest_route=\/wp\/v2\/pages"}],"about":[{"href":"https:\/\/blog.denis-dominguez.de\/index.php?rest_route=\/wp\/v2\/types\/page"}],"author":[{"embeddable":true,"href":"https:\/\/blog.denis-dominguez.de\/index.php?rest_route=\/wp\/v2\/users\/2"}],"replies":[{"embeddable":true,"href":"https:\/\/blog.denis-dominguez.de\/index.php?rest_route=%2Fwp%2Fv2%2Fcomments&post=4762"}],"version-history":[{"count":0,"href":"https:\/\/blog.denis-dominguez.de\/index.php?rest_route=\/wp\/v2\/pages\/4762\/revisions"}],"wp:attachment":[{"href":"https:\/\/blog.denis-dominguez.de\/index.php?rest_route=%2Fwp%2Fv2%2Fmedia&parent=4762"}],"curies":[{"name":"wp","href":"https:\/\/api.w.org\/{rel}","templated":true}]}}